{"id":2196,"date":"2019-09-15T17:28:10","date_gmt":"2019-09-15T17:28:10","guid":{"rendered":"https:\/\/www.findling.at\/wp\/?post_type=product&#038;p=2196"},"modified":"2025-10-18T15:55:13","modified_gmt":"2025-10-18T13:55:13","slug":"iatz","status":"publish","type":"product","link":"https:\/\/www.findling.at\/wp\/produkt\/iatz\/","title":{"rendered":"IATZ"},"content":{"rendered":"<p>Zwei Jahre nach &#8222;Gea dein Weg&#8220; legen wir unsere mittlerweile sechste CD vor. Und wir freuen uns, dass auch diese Lieder sehr gut bei den Zuh\u00f6rern ankommen &#8211; wie wir auf den vielen Konzerten erleben durften, die wir im Rahmen der aktuellen Tournee zur neuen CD gespielt haben.<\/p>\n<p>&#8222;IATZ&#8220; \u2013 so der Titel der neuen CD \u2013 bezieht sich auf den im Grunde zeitlosen Moment, in dem sich das Leben abspielt. Die Zeit, der Augenblick, der Blick auf Vergangenes und Zuk\u00fcnftiges spielt in vielen Lieder eine Rolle. Darum &#8222;IATZ&#8220; \u2013 ein Verweis auf den einzigen Zeitpunkt im Leben, an dem sich etwas \u00e4ndern kann, zu jeder Zeit und an jedem Ort.<\/p>\n<p>Einf\u00fchlsame Balladen, gesellschaftskritische Lieder, launige Songs \u00fcber menschliche Schw\u00e4chen \u2013 wir folgen auch auf der aktuellen CD unserem Anliegen, eing\u00e4ngige Melodien und ausgefeilte Arrangements mit sinnvollen Texten zu kombinieren.<\/p>\n<hr \/>\n<p><strong>Blindflug<\/strong><br \/>\n<strong>Sicher nit<\/strong><br \/>\n<strong>In Spiagl schaugn<\/strong><br \/>\n<strong>La la la<\/strong><br \/>\n<strong>Hup amal<\/strong><br \/>\n<strong>Der starke Mann<\/strong><br \/>\n<strong>Summer in mir<\/strong><br \/>\n<strong>Wunder Mensch<\/strong><br \/>\n<strong>Oberhell<\/strong><br \/>\n<strong>Nia verlearnt<\/strong><br \/>\n<strong>Machs guat<\/strong><\/p>\n","protected":false},"excerpt":{"rendered":"<p>Zwei Jahre nach &#8222;Gea dein Weg&#8220; legen wir unsere mittlerweile sechste CD vor. Und wir freuen uns, dass auch diese Lieder sehr gut bei den Zuh\u00f6rern ankommen &#8211; wie wir [&hellip;]<\/p>\n","protected":false},"featured_media":2197,"template":"","meta":{"_EventAllDay":false,"_EventTimezone":"","_EventStartDate":"","_EventEndDate":"","_EventStartDateUTC":"","_EventEndDateUTC":"","_EventShowMap":false,"_EventShowMapLink":false,"_EventURL":"","_EventCost":"","_EventCostDescription":"","_EventCurrencySymbol":"","_EventCurrencyCode":"","_EventCurrencyPosition":"","_EventDateTimeSeparator":"","_EventTimeRangeSeparator":"","_EventOrganizerID":[],"_EventVenueID":[],"_OrganizerEmail":"","_OrganizerPhone":"","_OrganizerWebsite":"","_VenueAddress":"","_VenueCity":"","_VenueCountry":"","_VenueProvince":"","_VenueState":"","_VenueZip":"","_VenuePhone":"","_VenueURL":"","_VenueStateProvince":"","_VenueLat":"","_VenueLng":"","_VenueShowMap":false,"_VenueShowMapLink":false},"product_cat":[65],"product_tag":[],"class_list":{"0":"post-2196","1":"product","2":"type-product","3":"status-publish","4":"has-post-thumbnail","6":"product_cat-audio-cd","8":"first","9":"instock","10":"purchasable","11":"product-type-simple"},"_links":{"self":[{"href":"https:\/\/www.findling.at\/wp\/wp-json\/wp\/v2\/product\/2196"}],"collection":[{"href":"https:\/\/www.findling.at\/wp\/wp-json\/wp\/v2\/product"}],"about":[{"href":"https:\/\/www.findling.at\/wp\/wp-json\/wp\/v2\/types\/product"}],"wp:featuredmedia":[{"embeddable":true,"href":"https:\/\/www.findling.at\/wp\/wp-json\/wp\/v2\/media\/2197"}],"wp:attachment":[{"href":"https:\/\/www.findling.at\/wp\/wp-json\/wp\/v2\/media?parent=2196"}],"wp:term":[{"taxonomy":"product_cat","embeddable":true,"href":"https:\/\/www.findling.at\/wp\/wp-json\/wp\/v2\/product_cat?post=2196"},{"taxonomy":"product_tag","embeddable":true,"href":"https:\/\/www.findling.at\/wp\/wp-json\/wp\/v2\/product_tag?post=2196"}],"curies":[{"name":"wp","href":"https:\/\/api.w.org\/{rel}","templated":true}]}}